{"id":1992,"date":"2019-01-23T17:15:30","date_gmt":"2019-01-23T16:15:30","guid":{"rendered":"http:\/\/burgosgastronomycity.com\/gastronomia-y-evolucion-humana\/"},"modified":"2019-12-19T09:15:36","modified_gmt":"2019-12-19T08:15:36","slug":"gastronomy-and-human-evolution","status":"publish","type":"page","link":"https:\/\/burgosgastronomycity.com\/en\/gastronomy-and-human-evolution\/","title":{"rendered":"Gastronomy and Human Evolution"},"content":{"rendered":"<div class=\"fusion-fullwidth fullwidth-box fusion-builder-row-1 nonhundred-percent-fullwidth non-hundred-percent-height-scrolling\" style=\"background-color: rgba(255,255,255,0);background-position: center center;background-repeat: no-repeat;padding-top:0px;padding-right:0px;padding-bottom:0px;padding-left:0px;margin-bottom: 0px;margin-top: 0px;border-width: 0px 0px 0px 0px;border-color:#eae9e9;border-style:solid;\" ><div class=\"fusion-builder-row fusion-row\"><div class=\"fusion-layout-column fusion_builder_column fusion-builder-column-0 fusion_builder_column_1_3 1_3 fusion-one-third fusion-column-first\" style=\"width:33.333333333333%;width:calc(33.333333333333% - ( ( 4% ) * 0.33333333333333 ) );margin-right: 4%;margin-top:0px;margin-bottom:0px;\"><div class=\"fusion-column-wrapper fusion-flex-column-wrapper-legacy\" style=\"background-position:left top;background-repeat:no-repeat;-webkit-background-size:cover;-moz-background-size:cover;-o-background-size:cover;background-size:cover;padding: 0px 0px 0px 0px;\"><div class=\"fusion-text fusion-text-1\" style=\"transform:translate3d(0,0,0);\"><p>Throughout human evolution, gastronomy has defined humankind, its characteristics, its very evolution, its physiological attributes, its brain, and more.<\/p>\n<p>The cooling of the climate and glacial and interglacial cycles were determining factors in the diet of the humans who adapted to live in the northern hemisphere. An important factor in this change is seasonality. Food products differed depending on the season.<\/p>\n<\/div><div class=\"fusion-clearfix\"><\/div><\/div><\/div><div class=\"fusion-layout-column fusion_builder_column fusion-builder-column-1 fusion_builder_column_2_3 2_3 fusion-two-third fusion-column-last\" style=\"width:66.666666666667%;width:calc(66.666666666667% - ( ( 4% ) * 0.66666666666667 ) );margin-top:0px;margin-bottom:0px;\"><div class=\"fusion-column-wrapper fusion-flex-column-wrapper-legacy\" style=\"background-position:left top;background-repeat:no-repeat;-webkit-background-size:cover;-moz-background-size:cover;-o-background-size:cover;background-size:cover;padding: 0px 0px 0px 0px;\"><div class=\"fusion-video fusion-youtube fusion-alignright\" style=\"max-width:600px;max-height:360px; width:100%\"><div class=\"video-shortcode\"><iframe title=\"YouTube video player\" src=\"https:\/\/www.youtube.com\/embed\/j0MgJUJCW6g?wmode=transparent&autoplay=0\" width=\"600\" height=\"360\" allowfullscreen allow=\"autoplay; fullscreen\"><\/iframe><\/div><\/div><div class=\"fusion-clearfix\"><\/div><\/div><\/div><div class=\"fusion-layout-column fusion_builder_column fusion-builder-column-2 fusion_builder_column_1_1 1_1 fusion-one-full fusion-column-first fusion-column-last\" style=\"margin-top:0px;margin-bottom:0px;\"><div class=\"fusion-column-wrapper fusion-flex-column-wrapper-legacy\" style=\"background-position:left top;background-repeat:no-repeat;-webkit-background-size:cover;-moz-background-size:cover;-o-background-size:cover;background-size:cover;padding: 0px 0px 0px 0px;\"><div class=\"fusion-text fusion-text-2\" style=\"transform:translate3d(0,0,0);\"><p>The time limit of two and a half million years conditions human evolution and diet is a fundamental factor.<\/p>\n<p>Hunting and gathering have been our method of survival until very recently. The arrival of agriculture and the domestication of animals took place in various parts of the planet less than 10,000 years ago. This age (Neolithic) already included the Americas that were colonised 14,000 years ago.<\/p>\n<p><img decoding=\"async\" class=\"wp-image-709 alignright\" src=\"https:\/\/burgosgastronomycity.com\/wp-content\/uploads\/2019\/02\/retrato-familia-e1551170918373.jpg\" alt=\"\" width=\"560\" height=\"373\" \/><\/p>\n<p><img decoding=\"async\" class=\"alignnone  wp-image-708\" src=\"https:\/\/burgosgastronomycity.com\/wp-content\/uploads\/2019\/02\/extracto-sierra-e1551176557156.jpg\" alt=\"\" width=\"253\" height=\"373\" \/><\/p>\n<p style=\"padding-left: 60px; text-align: left;\"><span style=\"font-size: 12px;\"><em>Extract from the article &#8220;Evoluci\u00f3n de la dieta en la evoluci\u00f3n Humana&#8221; [Transformation of diet throughout human evolution] by Jose Mar\u00eda Berm\u00fadez de Castro, co-director of the Atapuerca archaeological sites.<\/em><\/span><\/p>\n<p>The Neolithic age constituted another turning point in gastronomy. People started to cook food because at that time they had also invented earthenware vessels. Digesting food became much easier.<\/p>\n<p style=\"text-align: left;\">The latest research on the human genome, compared to the Neanderthal genome and the chimpanzee genome, shows substantial changes that have made digestibility, the sense of taste and even the physiognomy of our body possible. In other words, the phrase &#8220;<strong>we are what we eat<\/strong>&#8221; could not be more accurate.<\/p>\n<p style=\"text-align: left;\">Homo sapiens left Africa to expand across the planet 120 billion years ago. Genetic changes, coupled with the availability of resources and energy needs (climate) in each region, shaped an impressive culinary cultural diversity in our species.<\/p>\n<p style=\"text-align: center;\">\u00a0<\/p>\n<\/div><div class=\"fusion-image-carousel fusion-image-carousel-auto fusion-carousel-border\"><div class=\"fusion-carousel\" data-autoplay=\"no\" data-columns=\"2\" data-itemmargin=\"0\" data-itemwidth=\"180\" data-touchscroll=\"no\" data-imagesize=\"auto\"><div class=\"fusion-carousel-positioner\"><ul class=\"fusion-carousel-holder\"><li class=\"fusion-carousel-item\"><div class=\"fusion-carousel-item-wrapper\"><div class=\"fusion-image-wrapper hover-type-zoomin\"><img decoding=\"async\" width=\"1500\" height=\"1262\" src=\"https:\/\/burgosgastronomycity.com\/wp-content\/uploads\/2019\/02\/calamardemorcilla.jpg\" class=\"attachment-full size-full\" alt=\"\" \/><\/div><\/div><\/li><li class=\"fusion-carousel-item\"><div class=\"fusion-carousel-item-wrapper\"><div class=\"fusion-image-wrapper hover-type-zoomin\"><img decoding=\"async\" width=\"1500\" height=\"1262\" src=\"https:\/\/burgosgastronomycity.com\/wp-content\/uploads\/2019\/02\/3.1.4Nachos-Morcilla-de-Burgos.jpg\" class=\"attachment-full size-full\" alt=\"\" \/><\/div><\/div><\/li><\/ul><div class=\"fusion-carousel-nav\"><span class=\"fusion-nav-prev\"><\/span><span class=\"fusion-nav-next\"><\/span><\/div><\/div><\/div><\/div><div class=\"fusion-clearfix\"><\/div><\/div><\/div><\/div><\/div>\n","protected":false},"excerpt":{"rendered":"","protected":false},"author":1,"featured_media":0,"parent":0,"menu_order":4,"comment_status":"closed","ping_status":"closed","template":"","meta":{"_acf_changed":false,"footnotes":""},"class_list":["post-1992","page","type-page","status-publish","hentry"],"acf":[],"yoast_head":"<!-- This site is optimized with the Yoast SEO plugin v27.4 - https:\/\/yoast.com\/product\/yoast-seo-wordpress\/ -->\n<title>Gastronomy and Human Evolution - Burgos Gastronomy City<\/title>\n<meta name=\"description\" content=\"Gastronom\u00eda y Evoluci\u00f3n Humana Burgos. La gastronom\u00eda a lo largo de la Evoluci\u00f3n Humana ha determinado al hombre.\" \/>\n<meta name=\"robots\" content=\"index, follow, max-snippet:-1, max-image-preview:large, max-video-preview:-1\" \/>\n<link rel=\"canonical\" href=\"https:\/\/burgosgastronomycity.com\/en\/gastronomy-and-human-evolution\/\" \/>\n<meta property=\"og:locale\" content=\"en_US\" \/>\n<meta property=\"og:type\" content=\"article\" \/>\n<meta property=\"og:title\" content=\"Gastronomy and Human Evolution - Burgos Gastronomy City\" \/>\n<meta property=\"og:description\" content=\"Gastronom\u00eda y Evoluci\u00f3n Humana Burgos. La gastronom\u00eda a lo largo de la Evoluci\u00f3n Humana ha determinado al hombre.\" \/>\n<meta property=\"og:url\" content=\"https:\/\/burgosgastronomycity.com\/en\/gastronomy-and-human-evolution\/\" \/>\n<meta property=\"og:site_name\" content=\"Burgos Gastronomy City\" \/>\n<meta property=\"article:publisher\" content=\"https:\/\/www.facebook.com\/Burgos-Gastronomy-City-461276937941623\/?modal=admin_todo_tour\" \/>\n<meta property=\"article:modified_time\" content=\"2019-12-19T08:15:36+00:00\" \/>\n<meta property=\"og:image\" content=\"https:\/\/burgosgastronomycity.com\/wp-content\/uploads\/2019\/02\/retrato-familia-e1551170918373.jpg\" \/>\n<meta name=\"twitter:card\" content=\"summary_large_image\" \/>\n<meta name=\"twitter:site\" content=\"@gastro_burgos\" \/>\n<meta name=\"twitter:label1\" content=\"Est. reading time\" \/>\n\t<meta name=\"twitter:data1\" content=\"4 minutes\" \/>\n<script type=\"application\/ld+json\" class=\"yoast-schema-graph\">{\"@context\":\"https:\\\/\\\/schema.org\",\"@graph\":[{\"@type\":\"WebPage\",\"@id\":\"https:\\\/\\\/burgosgastronomycity.com\\\/en\\\/gastronomy-and-human-evolution\\\/\",\"url\":\"https:\\\/\\\/burgosgastronomycity.com\\\/en\\\/gastronomy-and-human-evolution\\\/\",\"name\":\"Gastronomy and Human Evolution - Burgos Gastronomy City\",\"isPartOf\":{\"@id\":\"https:\\\/\\\/burgosgastronomycity.com\\\/en\\\/#website\"},\"primaryImageOfPage\":{\"@id\":\"https:\\\/\\\/burgosgastronomycity.com\\\/en\\\/gastronomy-and-human-evolution\\\/#primaryimage\"},\"image\":{\"@id\":\"https:\\\/\\\/burgosgastronomycity.com\\\/en\\\/gastronomy-and-human-evolution\\\/#primaryimage\"},\"thumbnailUrl\":\"https:\\\/\\\/burgosgastronomycity.com\\\/wp-content\\\/uploads\\\/2019\\\/02\\\/retrato-familia-e1551170918373.jpg\",\"datePublished\":\"2019-01-23T16:15:30+00:00\",\"dateModified\":\"2019-12-19T08:15:36+00:00\",\"description\":\"Gastronom\u00eda y Evoluci\u00f3n Humana Burgos. La gastronom\u00eda a lo largo de la Evoluci\u00f3n Humana ha determinado al hombre.\",\"breadcrumb\":{\"@id\":\"https:\\\/\\\/burgosgastronomycity.com\\\/en\\\/gastronomy-and-human-evolution\\\/#breadcrumb\"},\"inLanguage\":\"en-US\",\"potentialAction\":[{\"@type\":\"ReadAction\",\"target\":[\"https:\\\/\\\/burgosgastronomycity.com\\\/en\\\/gastronomy-and-human-evolution\\\/\"]}]},{\"@type\":\"ImageObject\",\"inLanguage\":\"en-US\",\"@id\":\"https:\\\/\\\/burgosgastronomycity.com\\\/en\\\/gastronomy-and-human-evolution\\\/#primaryimage\",\"url\":\"https:\\\/\\\/burgosgastronomycity.com\\\/wp-content\\\/uploads\\\/2019\\\/02\\\/retrato-familia-e1551170918373.jpg\",\"contentUrl\":\"https:\\\/\\\/burgosgastronomycity.com\\\/wp-content\\\/uploads\\\/2019\\\/02\\\/retrato-familia-e1551170918373.jpg\"},{\"@type\":\"BreadcrumbList\",\"@id\":\"https:\\\/\\\/burgosgastronomycity.com\\\/en\\\/gastronomy-and-human-evolution\\\/#breadcrumb\",\"itemListElement\":[{\"@type\":\"ListItem\",\"position\":1,\"name\":\"Portada\",\"item\":\"https:\\\/\\\/burgosgastronomycity.com\\\/en\\\/\"},{\"@type\":\"ListItem\",\"position\":2,\"name\":\"Gastronomy and Human Evolution\"}]},{\"@type\":\"WebSite\",\"@id\":\"https:\\\/\\\/burgosgastronomycity.com\\\/en\\\/#website\",\"url\":\"https:\\\/\\\/burgosgastronomycity.com\\\/en\\\/\",\"name\":\"Burgos Gastronomy City\",\"description\":\"Burgos,ciudad creativa de la gastronom\u00eda UNESCO\",\"potentialAction\":[{\"@type\":\"SearchAction\",\"target\":{\"@type\":\"EntryPoint\",\"urlTemplate\":\"https:\\\/\\\/burgosgastronomycity.com\\\/en\\\/?s={search_term_string}\"},\"query-input\":{\"@type\":\"PropertyValueSpecification\",\"valueRequired\":true,\"valueName\":\"search_term_string\"}}],\"inLanguage\":\"en-US\"}]}<\/script>\n<!-- \/ Yoast SEO plugin. -->","yoast_head_json":{"title":"Gastronomy and Human Evolution - Burgos Gastronomy City","description":"Gastronom\u00eda y Evoluci\u00f3n Humana Burgos. La gastronom\u00eda a lo largo de la Evoluci\u00f3n Humana ha determinado al hombre.","robots":{"index":"index","follow":"follow","max-snippet":"max-snippet:-1","max-image-preview":"max-image-preview:large","max-video-preview":"max-video-preview:-1"},"canonical":"https:\/\/burgosgastronomycity.com\/en\/gastronomy-and-human-evolution\/","og_locale":"en_US","og_type":"article","og_title":"Gastronomy and Human Evolution - Burgos Gastronomy City","og_description":"Gastronom\u00eda y Evoluci\u00f3n Humana Burgos. La gastronom\u00eda a lo largo de la Evoluci\u00f3n Humana ha determinado al hombre.","og_url":"https:\/\/burgosgastronomycity.com\/en\/gastronomy-and-human-evolution\/","og_site_name":"Burgos Gastronomy City","article_publisher":"https:\/\/www.facebook.com\/Burgos-Gastronomy-City-461276937941623\/?modal=admin_todo_tour","article_modified_time":"2019-12-19T08:15:36+00:00","og_image":[{"url":"https:\/\/burgosgastronomycity.com\/wp-content\/uploads\/2019\/02\/retrato-familia-e1551170918373.jpg","type":"","width":"","height":""}],"twitter_card":"summary_large_image","twitter_site":"@gastro_burgos","twitter_misc":{"Est. reading time":"4 minutes"},"schema":{"@context":"https:\/\/schema.org","@graph":[{"@type":"WebPage","@id":"https:\/\/burgosgastronomycity.com\/en\/gastronomy-and-human-evolution\/","url":"https:\/\/burgosgastronomycity.com\/en\/gastronomy-and-human-evolution\/","name":"Gastronomy and Human Evolution - Burgos Gastronomy City","isPartOf":{"@id":"https:\/\/burgosgastronomycity.com\/en\/#website"},"primaryImageOfPage":{"@id":"https:\/\/burgosgastronomycity.com\/en\/gastronomy-and-human-evolution\/#primaryimage"},"image":{"@id":"https:\/\/burgosgastronomycity.com\/en\/gastronomy-and-human-evolution\/#primaryimage"},"thumbnailUrl":"https:\/\/burgosgastronomycity.com\/wp-content\/uploads\/2019\/02\/retrato-familia-e1551170918373.jpg","datePublished":"2019-01-23T16:15:30+00:00","dateModified":"2019-12-19T08:15:36+00:00","description":"Gastronom\u00eda y Evoluci\u00f3n Humana Burgos. La gastronom\u00eda a lo largo de la Evoluci\u00f3n Humana ha determinado al hombre.","breadcrumb":{"@id":"https:\/\/burgosgastronomycity.com\/en\/gastronomy-and-human-evolution\/#breadcrumb"},"inLanguage":"en-US","potentialAction":[{"@type":"ReadAction","target":["https:\/\/burgosgastronomycity.com\/en\/gastronomy-and-human-evolution\/"]}]},{"@type":"ImageObject","inLanguage":"en-US","@id":"https:\/\/burgosgastronomycity.com\/en\/gastronomy-and-human-evolution\/#primaryimage","url":"https:\/\/burgosgastronomycity.com\/wp-content\/uploads\/2019\/02\/retrato-familia-e1551170918373.jpg","contentUrl":"https:\/\/burgosgastronomycity.com\/wp-content\/uploads\/2019\/02\/retrato-familia-e1551170918373.jpg"},{"@type":"BreadcrumbList","@id":"https:\/\/burgosgastronomycity.com\/en\/gastronomy-and-human-evolution\/#breadcrumb","itemListElement":[{"@type":"ListItem","position":1,"name":"Portada","item":"https:\/\/burgosgastronomycity.com\/en\/"},{"@type":"ListItem","position":2,"name":"Gastronomy and Human Evolution"}]},{"@type":"WebSite","@id":"https:\/\/burgosgastronomycity.com\/en\/#website","url":"https:\/\/burgosgastronomycity.com\/en\/","name":"Burgos Gastronomy City","description":"Burgos,ciudad creativa de la gastronom\u00eda UNESCO","potentialAction":[{"@type":"SearchAction","target":{"@type":"EntryPoint","urlTemplate":"https:\/\/burgosgastronomycity.com\/en\/?s={search_term_string}"},"query-input":{"@type":"PropertyValueSpecification","valueRequired":true,"valueName":"search_term_string"}}],"inLanguage":"en-US"}]}},"_links":{"self":[{"href":"https:\/\/burgosgastronomycity.com\/en\/wp-json\/wp\/v2\/pages\/1992","targetHints":{"allow":["GET"]}}],"collection":[{"href":"https:\/\/burgosgastronomycity.com\/en\/wp-json\/wp\/v2\/pages"}],"about":[{"href":"https:\/\/burgosgastronomycity.com\/en\/wp-json\/wp\/v2\/types\/page"}],"author":[{"embeddable":true,"href":"https:\/\/burgosgastronomycity.com\/en\/wp-json\/wp\/v2\/users\/1"}],"replies":[{"embeddable":true,"href":"https:\/\/burgosgastronomycity.com\/en\/wp-json\/wp\/v2\/comments?post=1992"}],"version-history":[{"count":0,"href":"https:\/\/burgosgastronomycity.com\/en\/wp-json\/wp\/v2\/pages\/1992\/revisions"}],"wp:attachment":[{"href":"https:\/\/burgosgastronomycity.com\/en\/wp-json\/wp\/v2\/media?parent=1992"}],"curies":[{"name":"wp","href":"https:\/\/api.w.org\/{rel}","templated":true}]}}