{"id":1941,"date":"2019-01-30T11:18:43","date_gmt":"2019-01-30T10:18:43","guid":{"rendered":"http:\/\/burgosgastronomycity.com\/burgos-ciudad-creativa-de-la-gastronomia\/"},"modified":"2019-10-26T16:35:05","modified_gmt":"2019-10-26T14:35:05","slug":"burgos-creative-city-of-gastronomy","status":"publish","type":"page","link":"https:\/\/burgosgastronomycity.com\/en\/unesco-creative-city-of-gastronomy\/burgos-creative-city-of-gastronomy\/","title":{"rendered":"Burgos Creative City of Gastronomy"},"content":{"rendered":"<p><div class=\"fusion-fullwidth fullwidth-box fusion-builder-row-1 nonhundred-percent-fullwidth non-hundred-percent-height-scrolling\" style=\"background-color: rgba(255,255,255,0);background-position: center center;background-repeat: no-repeat;padding-top:0px;padding-right:0px;padding-bottom:0px;padding-left:0px;margin-bottom: 0px;margin-top: 0px;border-width: 0px 0px 0px 0px;border-color:#eae9e9;border-style:solid;\" ><div class=\"fusion-builder-row fusion-row\"><div class=\"fusion-layout-column fusion_builder_column fusion-builder-column-0 fusion_builder_column_1_3 1_3 fusion-one-third fusion-column-first\" style=\"width:33.333333333333%;width:calc(33.333333333333% - ( ( 4% ) * 0.33333333333333 ) );margin-right: 4%;margin-top:0px;margin-bottom:0px;\"><div class=\"fusion-column-wrapper fusion-flex-column-wrapper-legacy\" style=\"background-position:left top;background-repeat:no-repeat;-webkit-background-size:cover;-moz-background-size:cover;-o-background-size:cover;background-size:cover;padding: 0px 0px 0px 0px;\"><div class=\"fusion-text fusion-text-1\" style=\"transform:translate3d(0,0,0);\"><p>Burgos is located in the north of Spain, in <strong>Europe&#8217;s north-south commercial<\/strong> hub, halfway between Spain&#8217;s border with France and the Spanish capital, Madrid.<\/p>\n<p>The city centre still retains an outstanding <strong>set of artistic and monumental<\/strong> structures composed of the <strong>Cathedral<\/strong> \u2013 declared a World Heritage Site by UNESCO \u2013, a protected historic quarter and buildings that have remained intact over time, such as the Cistercian monastery of Las Huelgas and the Carthusian monastery of Miraflores.<\/p>\n<p>\u00a0 <img decoding=\"async\" class=\"alignnone size-medium wp-image-1199\" src=\"https:\/\/burgosgastronomycity.com\/wp-content\/uploads\/2019\/04\/paseor\u00edaArlanz\u00f3n-300x225.jpg\" alt=\"\" width=\"300\" height=\"225\" srcset=\"https:\/\/burgosgastronomycity.com\/wp-content\/uploads\/2019\/04\/paseor\u00edaArlanz\u00f3n-300x225.jpg 300w, https:\/\/burgosgastronomycity.com\/wp-content\/uploads\/2019\/04\/paseor\u00edaArlanz\u00f3n-768x576.jpg 768w, https:\/\/burgosgastronomycity.com\/wp-content\/uploads\/2019\/04\/paseor\u00edaArlanz\u00f3n-1024x768.jpg 1024w\" sizes=\"(max-width: 300px) 100vw, 300px\" \/><\/p>\n<\/div><span class=\" fusion-imageframe imageframe-none imageframe-1 hover-type-none\"><img decoding=\"async\" width=\"300\" height=\"200\" title=\"1.3.6Camino de Santiago\" src=\"https:\/\/burgosgastronomycity.com\/wp-content\/uploads\/2019\/02\/1.3.6Camino-de-Santiago-300x200.jpg?_t=1556113723\" class=\"img-responsive wp-image-603\" srcset=\"https:\/\/burgosgastronomycity.com\/wp-content\/uploads\/2019\/02\/1.3.6Camino-de-Santiago-300x200.jpg 300w, https:\/\/burgosgastronomycity.com\/wp-content\/uploads\/2019\/02\/1.3.6Camino-de-Santiago-768x511.jpg 768w, https:\/\/burgosgastronomycity.com\/wp-content\/uploads\/2019\/02\/1.3.6Camino-de-Santiago-1024x682.jpg 1024w\" sizes=\"(max-width: 300px) 100vw, 300px\" \/><\/span><div class=\"fusion-clearfix\"><\/div><\/div><\/div><div class=\"fusion-layout-column fusion_builder_column fusion-builder-column-1 fusion_builder_column_1_2 1_2 fusion-one-half fusion-column-last\" style=\"width:50%;width:calc(50% - ( ( 4% ) * 0.5 ) );margin-top:0px;margin-bottom:0px;\"><div class=\"fusion-column-wrapper fusion-flex-column-wrapper-legacy\" style=\"background-position:left top;background-repeat:no-repeat;-webkit-background-size:cover;-moz-background-size:cover;-o-background-size:cover;background-size:cover;padding: 0px 0px 0px 0px;\"><span class=\" fusion-imageframe imageframe-none imageframe-2 hover-type-none\"><img decoding=\"async\" width=\"200\" height=\"300\" title=\"redmirador\" src=\"https:\/\/burgosgastronomycity.com\/wp-content\/uploads\/2019\/04\/redmirador-200x300.jpg?_t=1556114334\" class=\"img-responsive wp-image-1198\" srcset=\"https:\/\/burgosgastronomycity.com\/wp-content\/uploads\/2019\/04\/redmirador-200x300.jpg 200w, https:\/\/burgosgastronomycity.com\/wp-content\/uploads\/2019\/04\/redmirador.jpg 533w\" sizes=\"(max-width: 800px) 100vw, 200px\" \/><\/span><div class=\"fusion-text fusion-text-2\" style=\"transform:translate3d(0,0,0);\"><p>&nbsp;<\/p>\n<p>A historic city that has known how to maintain its heritage and the culture of times gone by, influenced by the thousands of travellers coming from different parts of the world who have left their mark thanks to the fact that Burgos has become an essential <span style=\"text-decoration: underline;\">stopover<\/span> along the route of the <strong>Way of Saint James<\/strong>.<\/p>\n<p>&nbsp;<\/p>\n<\/div><div class=\"fusion-clearfix\"><\/div><\/div><\/div><div class=\"fusion-layout-column fusion_builder_column fusion-builder-column-2 fusion_builder_column_1_1 1_1 fusion-one-full fusion-column-first fusion-column-last\" style=\"margin-top:0px;margin-bottom:0px;\"><div class=\"fusion-column-wrapper fusion-flex-column-wrapper-legacy\" style=\"background-position:left top;background-repeat:no-repeat;-webkit-background-size:cover;-moz-background-size:cover;-o-background-size:cover;background-size:cover;padding: 0px 0px 0px 0px;\"><div class=\"fusion-text fusion-text-3\" style=\"transform:translate3d(0,0,0);\"><p>These emblematic medieval buildings have a unique and attractive counterpoint in the <strong>Museum of Human Evolution (known by its acronym in Spanish, MEH)<\/strong>, where the <strong>original fossils found at the famous archaeological sites of the Atapuerca mountains are exhibited<\/strong>.<\/p>\n<\/div><div class=\"fusion-image-carousel fusion-image-carousel-auto fusion-carousel-border\"><div class=\"fusion-carousel\" data-autoplay=\"no\" data-columns=\"5\" data-itemmargin=\"13\" data-itemwidth=\"180\" data-touchscroll=\"no\" data-imagesize=\"auto\"><div class=\"fusion-carousel-positioner\"><ul class=\"fusion-carousel-holder\"><li class=\"fusion-carousel-item\"><div class=\"fusion-carousel-item-wrapper\"><div class=\"fusion-image-wrapper hover-type-none\"><img decoding=\"async\" width=\"800\" height=\"534\" src=\"https:\/\/burgosgastronomycity.com\/wp-content\/uploads\/2019\/04\/02AtapuercaRED.jpg\" class=\"attachment-full size-full\" alt=\"\" \/><\/div><\/div><\/li><li class=\"fusion-carousel-item\"><div class=\"fusion-carousel-item-wrapper\"><div class=\"fusion-image-wrapper hover-type-none\"><img decoding=\"async\" width=\"1764\" height=\"1174\" src=\"https:\/\/burgosgastronomycity.com\/wp-content\/uploads\/2019\/02\/museo-de-la-evolucion.jpg\" class=\"attachment-full size-full\" alt=\"\" \/><\/div><\/div><\/li><\/ul><div class=\"fusion-carousel-nav\"><span class=\"fusion-nav-prev\"><\/span><span class=\"fusion-nav-next\"><\/span><\/div><\/div><\/div><\/div><div class=\"fusion-text fusion-text-4\" style=\"transform:translate3d(0,0,0);\"><p>As a <strong>Creative City of Gastronomy<\/strong>, Burgos has formed part of the network <strong>since 2015<\/strong> thanks to the project based on the experimental study into the human body&#8217;s consumption of energy, in relation to a healthy diet.<\/p>\n<p>The study was presented under the name Motores Humanos [Human Engines] and aims to generate awareness \u2013 at a local and international level \u2013 of the relationship between <span style=\"text-decoration: underline;\">human evolution and gastronomy<\/span>.<\/p>\n<p>In this sense, Creative City of Gastronomy works with the experience of the <strong>University of Burgos<\/strong> in different programmes relating to biotechnology and nutrition, food technology, avant-garde gastronomy, and with the National Research <strong>Centre for Human Evolution (known by its acronym in Spanish, CENIEH)<\/strong>.<\/p>\n<p>Thanks to Burgos&#8217; proximity to the <strong>archaeological sites of the Atapuerca<\/strong> mountains, just 15km away, this exceptional enclave distinguished the city&#8217;s candidature, making it a reference point for studying human evolution that was also recognised by UNESCO, which declared it a world heritage site in 2000.<\/p>\n<p>Abundant remains of the <strong>Homo Heildelbergensis dating back 500,000 years<\/strong> were found in the Sima de los Huesos, as well as in Gran Dolina and the Sima del Elefante, where fossils of the <strong>Homo Antecessor<\/strong> have appeared \u2013 a species that <strong>lived one million years ago<\/strong> and that can be considered as that of the first Europeans.<\/p>\n<\/div><div class=\"fusion-image-carousel fusion-image-carousel-auto fusion-carousel-border\"><div class=\"fusion-carousel\" data-autoplay=\"no\" data-columns=\"3\" data-itemmargin=\"13\" data-itemwidth=\"180\" data-touchscroll=\"no\" data-imagesize=\"auto\"><div class=\"fusion-carousel-positioner\"><ul class=\"fusion-carousel-holder\"><li class=\"fusion-carousel-item\"><div class=\"fusion-carousel-item-wrapper\"><div class=\"fusion-image-wrapper hover-type-none\"><img decoding=\"async\" width=\"979\" height=\"651\" src=\"https:\/\/burgosgastronomycity.com\/wp-content\/uploads\/2019\/02\/BURGOS.jpg\" class=\"attachment-full size-full\" alt=\"\" \/><\/div><\/div><\/li><li class=\"fusion-carousel-item\"><div class=\"fusion-carousel-item-wrapper\"><div class=\"fusion-image-wrapper hover-type-none\"><img decoding=\"async\" width=\"800\" height=\"533\" src=\"https:\/\/burgosgastronomycity.com\/wp-content\/uploads\/2019\/05\/LMR_7655red.jpg\" class=\"attachment-full size-full\" alt=\"\" \/><\/div><\/div><\/li><li class=\"fusion-carousel-item\"><div class=\"fusion-carousel-item-wrapper\"><div class=\"fusion-image-wrapper hover-type-none\"><img decoding=\"async\" width=\"800\" height=\"533\" src=\"https:\/\/burgosgastronomycity.com\/wp-content\/uploads\/2019\/05\/LMR_7611RED.jpg\" class=\"attachment-full size-full\" alt=\"\" \/><\/div><\/div><\/li><\/ul><div class=\"fusion-carousel-nav\"><span class=\"fusion-nav-prev\"><\/span><span class=\"fusion-nav-next\"><\/span><\/div><\/div><\/div><\/div><div class=\"fusion-clearfix\"><\/div><\/div><\/div><\/div><\/div><div class=\"fusion-fullwidth fullwidth-box fusion-builder-row-2 nonhundred-percent-fullwidth non-hundred-percent-height-scrolling\" style=\"background-color: rgba(255,255,255,0);background-position: center center;background-repeat: no-repeat;padding-top:0px;padding-right:0px;padding-bottom:0px;padding-left:0px;margin-bottom: 0px;margin-top: 0px;border-width: 0px 0px 0px 0px;border-color:#eae9e9;border-style:solid;\" ><div class=\"fusion-builder-row fusion-row\"><div class=\"fusion-layout-column fusion_builder_column fusion-builder-column-3 fusion_builder_column_1_2 1_2 fusion-one-half fusion-column-first\" style=\"width:50%;width:calc(50% - ( ( 4% ) * 0.5 ) );margin-right: 4%;margin-top:0px;margin-bottom:0px;\"><div class=\"fusion-column-wrapper fusion-flex-column-wrapper-legacy\" style=\"background-position:left top;background-repeat:no-repeat;-webkit-background-size:cover;-moz-background-size:cover;-o-background-size:cover;background-size:cover;padding: 0px 0px 0px 0px;\"><div class=\"fusion-text fusion-text-5\" style=\"transform:translate3d(0,0,0);\"><p>The added value of the city&#8217;s promotion in <strong>2013<\/strong>, when Burgos obtained the title of <strong>Spanish Capital of Gastronomy<\/strong>, has highlighted its culinary potential ever since.<\/p>\n<p>On the basis of this initiative, several programmes were implemented to highlight the city&#8217;s gastronomy and local products, as well as its commitment to promoting Burgos&#8217; gastronomy through its participation in different initiatives together with other Cities from the Network, at a European and international level, at a vital point in time for sustainable urban development.<\/p>\n<p>&nbsp;<\/p>\n<p>&nbsp;<\/p>\n<\/div><span class=\" fusion-imageframe imageframe-none imageframe-3 hover-type-none\"><img decoding=\"async\" width=\"979\" height=\"651\" title=\"cooking\" src=\"https:\/\/burgosgastronomycity.com\/wp-content\/uploads\/2019\/02\/cooking.jpg?_t=1550838757\" class=\"img-responsive wp-image-607\" srcset=\"https:\/\/burgosgastronomycity.com\/wp-content\/uploads\/2019\/02\/cooking-300x199.jpg 300w, https:\/\/burgosgastronomycity.com\/wp-content\/uploads\/2019\/02\/cooking-768x511.jpg 768w, https:\/\/burgosgastronomycity.com\/wp-content\/uploads\/2019\/02\/cooking.jpg 979w\" sizes=\"(max-width: 979px) 100vw, 979px\" \/><\/span><div class=\"fusion-clearfix\"><\/div><\/div><\/div><div class=\"fusion-layout-column fusion_builder_column fusion-builder-column-4 fusion_builder_column_1_2 1_2 fusion-one-half fusion-column-last\" style=\"width:50%;width:calc(50% - ( ( 4% ) * 0.5 ) );margin-top:0px;margin-bottom:0px;\"><div class=\"fusion-column-wrapper fusion-flex-column-wrapper-legacy\" style=\"background-position:left top;background-repeat:no-repeat;-webkit-background-size:cover;-moz-background-size:cover;-o-background-size:cover;background-size:cover;padding: 0px 0px 0px 0px;\"><span class=\" fusion-imageframe imageframe-none imageframe-4 hover-type-none\"><img decoding=\"async\" width=\"203\" height=\"300\" title=\"1.3.9 FotoCapitalGastronomia\" src=\"https:\/\/burgosgastronomycity.com\/wp-content\/uploads\/2019\/04\/1.3.9-FotoCapitalGastronomia-203x300.jpg?_t=1556115322\" class=\"img-responsive wp-image-1205\" srcset=\"https:\/\/burgosgastronomycity.com\/wp-content\/uploads\/2019\/04\/1.3.9-FotoCapitalGastronomia-203x300.jpg 203w, https:\/\/burgosgastronomycity.com\/wp-content\/uploads\/2019\/04\/1.3.9-FotoCapitalGastronomia-693x1024.jpg 693w, https:\/\/burgosgastronomycity.com\/wp-content\/uploads\/2019\/04\/1.3.9-FotoCapitalGastronomia-768x1134.jpg 768w\" sizes=\"(max-width: 203px) 100vw, 203px\" \/><\/span><div class=\"fusion-clearfix\"><\/div><\/div><\/div><\/div><\/div><\/p>\n","protected":false},"excerpt":{"rendered":"","protected":false},"author":1,"featured_media":0,"parent":1990,"menu_order":2,"comment_status":"closed","ping_status":"closed","template":"","meta":{"_acf_changed":false,"footnotes":""},"class_list":["post-1941","page","type-page","status-publish","hentry"],"acf":[],"yoast_head":"<!-- This site is optimized with the Yoast SEO plugin v27.4 - https:\/\/yoast.com\/product\/yoast-seo-wordpress\/ -->\n<title>Burgos Creative City of Gastronomy - Burgos Gastronomy City<\/title>\n<meta name=\"description\" content=\"Burgos est\u00e1 situada geogr\u00e1ficamente en norte de Espa\u00f1a, en el eje comercial Norte- Sur de Europa a medio camino desde de la frontera con Francia.\" \/>\n<meta name=\"robots\" content=\"index, follow, max-snippet:-1, max-image-preview:large, max-video-preview:-1\" \/>\n<link rel=\"canonical\" href=\"https:\/\/burgosgastronomycity.com\/en\/unesco-creative-city-of-gastronomy\/burgos-creative-city-of-gastronomy\/\" \/>\n<meta property=\"og:locale\" content=\"en_US\" \/>\n<meta property=\"og:type\" content=\"article\" \/>\n<meta property=\"og:title\" content=\"Burgos Creative City of Gastronomy - Burgos Gastronomy City\" \/>\n<meta property=\"og:description\" content=\"Burgos est\u00e1 situada geogr\u00e1ficamente en norte de Espa\u00f1a, en el eje comercial Norte- Sur de Europa a medio camino desde de la frontera con Francia.\" \/>\n<meta property=\"og:url\" content=\"https:\/\/burgosgastronomycity.com\/en\/unesco-creative-city-of-gastronomy\/burgos-creative-city-of-gastronomy\/\" \/>\n<meta property=\"og:site_name\" content=\"Burgos Gastronomy City\" \/>\n<meta property=\"article:publisher\" content=\"https:\/\/www.facebook.com\/Burgos-Gastronomy-City-461276937941623\/?modal=admin_todo_tour\" \/>\n<meta property=\"article:modified_time\" content=\"2019-10-26T14:35:05+00:00\" \/>\n<meta name=\"twitter:card\" content=\"summary_large_image\" \/>\n<meta name=\"twitter:site\" content=\"@gastro_burgos\" \/>\n<meta name=\"twitter:label1\" content=\"Est. reading time\" \/>\n\t<meta name=\"twitter:data1\" content=\"8 minutes\" \/>\n<script type=\"application\/ld+json\" class=\"yoast-schema-graph\">{\"@context\":\"https:\\\/\\\/schema.org\",\"@graph\":[{\"@type\":\"WebPage\",\"@id\":\"https:\\\/\\\/burgosgastronomycity.com\\\/en\\\/unesco-creative-city-of-gastronomy\\\/burgos-creative-city-of-gastronomy\\\/\",\"url\":\"https:\\\/\\\/burgosgastronomycity.com\\\/en\\\/unesco-creative-city-of-gastronomy\\\/burgos-creative-city-of-gastronomy\\\/\",\"name\":\"Burgos Creative City of Gastronomy - Burgos Gastronomy City\",\"isPartOf\":{\"@id\":\"https:\\\/\\\/burgosgastronomycity.com\\\/en\\\/#website\"},\"datePublished\":\"2019-01-30T10:18:43+00:00\",\"dateModified\":\"2019-10-26T14:35:05+00:00\",\"description\":\"Burgos est\u00e1 situada geogr\u00e1ficamente en norte de Espa\u00f1a, en el eje comercial Norte- Sur de Europa a medio camino desde de la frontera con Francia.\",\"breadcrumb\":{\"@id\":\"https:\\\/\\\/burgosgastronomycity.com\\\/en\\\/unesco-creative-city-of-gastronomy\\\/burgos-creative-city-of-gastronomy\\\/#breadcrumb\"},\"inLanguage\":\"en-US\",\"potentialAction\":[{\"@type\":\"ReadAction\",\"target\":[\"https:\\\/\\\/burgosgastronomycity.com\\\/en\\\/unesco-creative-city-of-gastronomy\\\/burgos-creative-city-of-gastronomy\\\/\"]}]},{\"@type\":\"BreadcrumbList\",\"@id\":\"https:\\\/\\\/burgosgastronomycity.com\\\/en\\\/unesco-creative-city-of-gastronomy\\\/burgos-creative-city-of-gastronomy\\\/#breadcrumb\",\"itemListElement\":[{\"@type\":\"ListItem\",\"position\":1,\"name\":\"Portada\",\"item\":\"https:\\\/\\\/burgosgastronomycity.com\\\/en\\\/\"},{\"@type\":\"ListItem\",\"position\":2,\"name\":\"UNESCO Creative City of Gastronomy\",\"item\":\"https:\\\/\\\/burgosgastronomycity.com\\\/en\\\/unesco-creative-city-of-gastronomy\\\/\"},{\"@type\":\"ListItem\",\"position\":3,\"name\":\"Burgos Creative City of Gastronomy\"}]},{\"@type\":\"WebSite\",\"@id\":\"https:\\\/\\\/burgosgastronomycity.com\\\/en\\\/#website\",\"url\":\"https:\\\/\\\/burgosgastronomycity.com\\\/en\\\/\",\"name\":\"Burgos Gastronomy City\",\"description\":\"Burgos,ciudad creativa de la gastronom\u00eda UNESCO\",\"potentialAction\":[{\"@type\":\"SearchAction\",\"target\":{\"@type\":\"EntryPoint\",\"urlTemplate\":\"https:\\\/\\\/burgosgastronomycity.com\\\/en\\\/?s={search_term_string}\"},\"query-input\":{\"@type\":\"PropertyValueSpecification\",\"valueRequired\":true,\"valueName\":\"search_term_string\"}}],\"inLanguage\":\"en-US\"}]}<\/script>\n<!-- \/ Yoast SEO plugin. -->","yoast_head_json":{"title":"Burgos Creative City of Gastronomy - Burgos Gastronomy City","description":"Burgos est\u00e1 situada geogr\u00e1ficamente en norte de Espa\u00f1a, en el eje comercial Norte- Sur de Europa a medio camino desde de la frontera con Francia.","robots":{"index":"index","follow":"follow","max-snippet":"max-snippet:-1","max-image-preview":"max-image-preview:large","max-video-preview":"max-video-preview:-1"},"canonical":"https:\/\/burgosgastronomycity.com\/en\/unesco-creative-city-of-gastronomy\/burgos-creative-city-of-gastronomy\/","og_locale":"en_US","og_type":"article","og_title":"Burgos Creative City of Gastronomy - Burgos Gastronomy City","og_description":"Burgos est\u00e1 situada geogr\u00e1ficamente en norte de Espa\u00f1a, en el eje comercial Norte- Sur de Europa a medio camino desde de la frontera con Francia.","og_url":"https:\/\/burgosgastronomycity.com\/en\/unesco-creative-city-of-gastronomy\/burgos-creative-city-of-gastronomy\/","og_site_name":"Burgos Gastronomy City","article_publisher":"https:\/\/www.facebook.com\/Burgos-Gastronomy-City-461276937941623\/?modal=admin_todo_tour","article_modified_time":"2019-10-26T14:35:05+00:00","twitter_card":"summary_large_image","twitter_site":"@gastro_burgos","twitter_misc":{"Est. reading time":"8 minutes"},"schema":{"@context":"https:\/\/schema.org","@graph":[{"@type":"WebPage","@id":"https:\/\/burgosgastronomycity.com\/en\/unesco-creative-city-of-gastronomy\/burgos-creative-city-of-gastronomy\/","url":"https:\/\/burgosgastronomycity.com\/en\/unesco-creative-city-of-gastronomy\/burgos-creative-city-of-gastronomy\/","name":"Burgos Creative City of Gastronomy - Burgos Gastronomy City","isPartOf":{"@id":"https:\/\/burgosgastronomycity.com\/en\/#website"},"datePublished":"2019-01-30T10:18:43+00:00","dateModified":"2019-10-26T14:35:05+00:00","description":"Burgos est\u00e1 situada geogr\u00e1ficamente en norte de Espa\u00f1a, en el eje comercial Norte- Sur de Europa a medio camino desde de la frontera con Francia.","breadcrumb":{"@id":"https:\/\/burgosgastronomycity.com\/en\/unesco-creative-city-of-gastronomy\/burgos-creative-city-of-gastronomy\/#breadcrumb"},"inLanguage":"en-US","potentialAction":[{"@type":"ReadAction","target":["https:\/\/burgosgastronomycity.com\/en\/unesco-creative-city-of-gastronomy\/burgos-creative-city-of-gastronomy\/"]}]},{"@type":"BreadcrumbList","@id":"https:\/\/burgosgastronomycity.com\/en\/unesco-creative-city-of-gastronomy\/burgos-creative-city-of-gastronomy\/#breadcrumb","itemListElement":[{"@type":"ListItem","position":1,"name":"Portada","item":"https:\/\/burgosgastronomycity.com\/en\/"},{"@type":"ListItem","position":2,"name":"UNESCO Creative City of Gastronomy","item":"https:\/\/burgosgastronomycity.com\/en\/unesco-creative-city-of-gastronomy\/"},{"@type":"ListItem","position":3,"name":"Burgos Creative City of Gastronomy"}]},{"@type":"WebSite","@id":"https:\/\/burgosgastronomycity.com\/en\/#website","url":"https:\/\/burgosgastronomycity.com\/en\/","name":"Burgos Gastronomy City","description":"Burgos,ciudad creativa de la gastronom\u00eda UNESCO","potentialAction":[{"@type":"SearchAction","target":{"@type":"EntryPoint","urlTemplate":"https:\/\/burgosgastronomycity.com\/en\/?s={search_term_string}"},"query-input":{"@type":"PropertyValueSpecification","valueRequired":true,"valueName":"search_term_string"}}],"inLanguage":"en-US"}]}},"_links":{"self":[{"href":"https:\/\/burgosgastronomycity.com\/en\/wp-json\/wp\/v2\/pages\/1941","targetHints":{"allow":["GET"]}}],"collection":[{"href":"https:\/\/burgosgastronomycity.com\/en\/wp-json\/wp\/v2\/pages"}],"about":[{"href":"https:\/\/burgosgastronomycity.com\/en\/wp-json\/wp\/v2\/types\/page"}],"author":[{"embeddable":true,"href":"https:\/\/burgosgastronomycity.com\/en\/wp-json\/wp\/v2\/users\/1"}],"replies":[{"embeddable":true,"href":"https:\/\/burgosgastronomycity.com\/en\/wp-json\/wp\/v2\/comments?post=1941"}],"version-history":[{"count":0,"href":"https:\/\/burgosgastronomycity.com\/en\/wp-json\/wp\/v2\/pages\/1941\/revisions"}],"up":[{"embeddable":true,"href":"https:\/\/burgosgastronomycity.com\/en\/wp-json\/wp\/v2\/pages\/1990"}],"wp:attachment":[{"href":"https:\/\/burgosgastronomycity.com\/en\/wp-json\/wp\/v2\/media?parent=1941"}],"curies":[{"name":"wp","href":"https:\/\/api.w.org\/{rel}","templated":true}]}}